{"id":41,"date":"2019-08-13T22:31:38","date_gmt":"2019-08-13T22:31:38","guid":{"rendered":"http:\/\/www.trummerstoller.ch\/?page_id=41"},"modified":"2024-09-14T07:47:07","modified_gmt":"2024-09-14T07:47:07","slug":"lieder-geschichten","status":"publish","type":"page","link":"https:\/\/www.trummerstoller.ch\/index.php\/lieder-geschichten\/","title":{"rendered":"Lieder &#038; Geschichten"},"content":{"rendered":"\n<p class=\"has-text-align-center has-text-color has-link-color wp-elements-f4be6bb49a91a20ed932542e34741b24\" style=\"color:#d9f0e4\">Liebes Publikum, am 13. September 2024, um 20h, spielten Trummer &amp; Nadja Stoller in der Kirche Kandergrund das letzte gemeinsame Konzert unter dem Titel &#8222;Luubs Land&#8220;. Nadja hat sich entschieden eine B\u00fchnenpause zu machen. Trummer wird die Maria Lauber Lieder in irgendeiner Form weiterklingen lassen. Danke f\u00fcr Euer Interesse, Eure Freude an unserer Musik, Euer aufmerksames Zuh\u00f6ren und f\u00fcr Eure eigenen Geschichten, die unsere Konzertabende immer wieder bereichert haben.<\/p>\n\n\n\n<p class=\"has-text-align-center has-text-color has-link-color wp-elements-4cb7b3cc4ba3bb96fa1515094d572949\" style=\"color:#d9f0e4\">Um auf dem Laufenden zu bleiben \u00fcber uns, informiert Euch bitte in Zukunft hier:<\/p>\n\n\n\n<p class=\"has-text-align-center has-text-color has-link-color has-medium-font-size wp-elements-e88cf3d746fd0d3061c37095748610a7\" style=\"color:#d9f0e4\"><strong><a href=\"https:\/\/trummeronline.ch\/\" data-type=\"link\" data-id=\"https:\/\/trummeronline.ch\/\" target=\"_blank\" rel=\"noreferrer noopener\">www.trummeronline.ch<\/a>                   <a href=\"https:\/\/nadjastoller.ch\/\" data-type=\"link\" data-id=\"https:\/\/nadjastoller.ch\/\" target=\"_blank\" rel=\"noreferrer noopener\">www.nadjastoller.ch<\/a><\/strong><\/p>\n\n\n\n<p class=\"has-text-align-center has-text-color has-link-color wp-elements-2b4588dea22b40e8316edb383b2b2371\" style=\"color:#d9f0e4;font-size:19px\">Herzliche Gr\u00fcsse und alles Gute! Nadja und Christoph<\/p>\n\n\n<div class=\"wp-block-image is-resized is-style-default\">\n<figure class=\"aligncenter\"><img loading=\"lazy\" decoding=\"async\" width=\"688\" height=\"960\" src=\"http:\/\/www.trummerstoller.ch\/wp-content\/uploads\/2023\/03\/2023_Cover_Gedichtband-688x960.jpeg\" alt=\"\" class=\"wp-image-171\" style=\"width:201px;height:auto\" srcset=\"https:\/\/www.trummerstoller.ch\/wp-content\/uploads\/2023\/03\/2023_Cover_Gedichtband-688x960.jpeg 688w, https:\/\/www.trummerstoller.ch\/wp-content\/uploads\/2023\/03\/2023_Cover_Gedichtband-215x300.jpeg 215w, https:\/\/www.trummerstoller.ch\/wp-content\/uploads\/2023\/03\/2023_Cover_Gedichtband-768x1072.jpeg 768w, https:\/\/www.trummerstoller.ch\/wp-content\/uploads\/2023\/03\/2023_Cover_Gedichtband-409x570.jpeg 409w, https:\/\/www.trummerstoller.ch\/wp-content\/uploads\/2023\/03\/2023_Cover_Gedichtband-717x1000.jpeg 717w, https:\/\/www.trummerstoller.ch\/wp-content\/uploads\/2023\/03\/2023_Cover_Gedichtband-410x572.jpeg 410w, https:\/\/www.trummerstoller.ch\/wp-content\/uploads\/2023\/03\/2023_Cover_Gedichtband.jpeg 860w\" sizes=\"(max-width: 688px) 100vw, 688px\" \/><\/figure><\/div>\n\n\n<p class=\"has-text-align-center has-text-color\" style=\"color:#d9f0e4\"><strong>Maria Lauber &#8211; Gedichte<\/strong> ist am 12.6.2023 im Zytglogge Verlag erschienen,<br>inklusive einer CD mit dem neuen Album von Gedichtvertonungen.<br>&#8222;Luubs Land&#8220; versammelt neue Aufnahmen von Trummer &amp; Nadja Stoller, dem Vokalensemble Ardent sowie Lesungen von Maria Lauber und Andreas W\u00e4fler.<\/p>\n\n\n\n<p class=\"has-text-align-center has-text-color\" style=\"color:#d9f0e4\">Interview mit Christina Lang <strong>&#8222;Swissmade&#8220; SRF1<\/strong> vom 24.6.2023 \u00fcber &#8222;Luubs Land&#8220; &#8211;                                                                                            <a rel=\"noreferrer noopener\" aria-label=\"hier h\u00f6ren (\u00f6ffnet in neuem Tab)\" href=\"https:\/\/www.srf.ch\/audio\/swissmade\/frutigen-laesst-gruessen?id=12408514\" target=\"_blank\"><strong><em>hier h\u00f6ren<\/em><\/strong><\/a><strong>!<\/strong><br><br>Maria Lauber, Trummer &amp; Nadja Stoller am 25.11.2023 in Neuseeland (:<br><em><strong><a rel=\"noreferrer noopener\" aria-label=\" (\u00f6ffnet in neuem Tab)\" href=\"https:\/\/accessmedia.nz\/Player.aspx?eid=aa653349-6232-4c72-bb3f-3c55f642ced0\" target=\"_blank\">Swiss Music Show<\/a><\/strong><\/em> <\/p>\n\n\n\n<figure class=\"wp-block-embed-youtube wp-block-embed is-type-video is-provider-youtube wp-embed-aspect-16-9 wp-has-aspect-ratio\"><div class=\"wp-block-embed__wrapper\">\n<iframe loading=\"lazy\"  id=\"_ytid_50517\"  width=\"1140\" height=\"641\"  data-origwidth=\"1140\" data-origheight=\"641\" src=\"https:\/\/www.youtube.com\/embed\/XzOfWSO9v1M?enablejsapi=1&#038;autoplay=0&#038;cc_load_policy=0&#038;cc_lang_pref=&#038;iv_load_policy=1&#038;loop=0&#038;modestbranding=0&#038;rel=1&#038;fs=1&#038;playsinline=0&#038;autohide=2&#038;theme=dark&#038;color=red&#038;controls=1&#038;\" class=\"__youtube_prefs__  epyt-is-override  no-lazyload\" title=\"YouTube player\"  allow=\"fullscreen; accelerometer; autoplay; clipboard-write; encrypted-media; gyroscope; picture-in-picture\" allowfullscreen data-no-lazy=\"1\" data-skipgform_ajax_framebjll=\"\"><\/iframe>\n<\/div><\/figure>\n\n\n\n<figure class=\"wp-block-embed-youtube wp-block-embed is-type-video is-provider-youtube wp-embed-aspect-16-9 wp-has-aspect-ratio\"><div class=\"wp-block-embed__wrapper\">\n<iframe loading=\"lazy\"  id=\"_ytid_61713\"  width=\"1140\" height=\"641\"  data-origwidth=\"1140\" data-origheight=\"641\" src=\"https:\/\/www.youtube.com\/embed\/n5f0q1KP8S8?enablejsapi=1&#038;autoplay=0&#038;cc_load_policy=0&#038;cc_lang_pref=&#038;iv_load_policy=1&#038;loop=0&#038;modestbranding=0&#038;rel=1&#038;fs=1&#038;playsinline=0&#038;autohide=2&#038;theme=dark&#038;color=red&#038;controls=1&#038;\" class=\"__youtube_prefs__  epyt-is-override  no-lazyload\" title=\"YouTube player\"  allow=\"fullscreen; accelerometer; autoplay; clipboard-write; encrypted-media; gyroscope; picture-in-picture\" allowfullscreen data-no-lazy=\"1\" data-skipgform_ajax_framebjll=\"\"><\/iframe>\n<\/div><\/figure>\n\n\n\n<p class=\"has-text-align-center has-text-color\" style=\"color:#d9f0e4\"><em><strong>\u201eWorte von seltener Sch\u00f6nheit\u201c<\/strong><\/em><br> Die Berner Zeitung \u00fcber Maria Laubers Texte<\/p>\n\n\n\n<p class=\"has-text-align-center has-text-color\" style=\"color:#d9f0e4\"><strong><em>\u201eBehutsam, feinf\u00fchlig und angenehm authentisch\u201c<\/em><\/strong><br> Die Jungfrau Zeitung \u00fcber das Programm<\/p>\n\n\n\n<p class=\"has-text-align-center has-text-color\" style=\"color:#d9f0e4\"><strong><em>\u201eDiese wunderbaren Mundartlieder r\u00fchrten mich zu Tr\u00e4nen.\u201c <\/em><\/strong><br> B\u00e4nz Friedli<\/p>\n\n\n\n<p class=\"has-text-align-center has-text-color\" style=\"color:#d9f0e4\">Trummer: Stimme, Gitarre, Mundharmonika<br> Nadja Stoller: Stimme, Merlin, Piano, Glasharfe<\/p>\n\n\n\n<p class=\"has-text-align-center has-text-color\" style=\"color:#d9f0e4\">Trummer &amp; Stoller: Es verbindet sie ihre Herkunft im Berner Oberland und die Liebe zum Werk einer einheimischen Dichterin: Maria Lauber (1891 \u2013 1973) hat zu ihren Lebzeiten weit \u00fcber das Frutigtal hinaus Aufmerksamkeit und Lob gewonnen als eine der bedeutenden Mundartdichterinnen des 20.Jahrhunderts. In den Texten \u00fcber das Zusammenleben in den kleinen D\u00f6rfern am Berghang, \u00fcber die am Gartentor vorbeigehende Liebe, \u00fcber Heimweh, Familie &amp; die Suche nach dem Gl\u00fcck wird nicht nur aus einer vergangenen Welt, sondern auch vom Menschsein schlechthin erz\u00e4hlt.<\/p>\n\n\n<p><!--EndFragment--><\/p>","protected":false},"excerpt":{"rendered":"<p>Liebes Publikum, am 13. September 2024, um 20h, spielten Trummer &amp; Nadja Stoller in der Kirche Kandergrund das letzte gemeinsame Konzert unter dem Titel &#8222;Luubs Land&#8220;. Nadja hat sich entschieden [&#8230;]<\/p>\n<p><a rel=\"bookmark\" class=\"more-link button\" href=\"https:\/\/www.trummerstoller.ch\/index.php\/lieder-geschichten\/\">Continue reading &rarr;<\/a><\/p>\n","protected":false},"author":1,"featured_media":0,"parent":0,"menu_order":1,"comment_status":"closed","ping_status":"closed","template":"page-templates\/section.php","meta":{"footnotes":""},"_links":{"self":[{"href":"https:\/\/www.trummerstoller.ch\/index.php\/wp-json\/wp\/v2\/pages\/41"}],"collection":[{"href":"https:\/\/www.trummerstoller.ch\/index.php\/wp-json\/wp\/v2\/pages"}],"about":[{"href":"https:\/\/www.trummerstoller.ch\/index.php\/wp-json\/wp\/v2\/types\/page"}],"author":[{"embeddable":true,"href":"https:\/\/www.trummerstoller.ch\/index.php\/wp-json\/wp\/v2\/users\/1"}],"replies":[{"embeddable":true,"href":"https:\/\/www.trummerstoller.ch\/index.php\/wp-json\/wp\/v2\/comments?post=41"}],"version-history":[{"count":48,"href":"https:\/\/www.trummerstoller.ch\/index.php\/wp-json\/wp\/v2\/pages\/41\/revisions"}],"predecessor-version":[{"id":379,"href":"https:\/\/www.trummerstoller.ch\/index.php\/wp-json\/wp\/v2\/pages\/41\/revisions\/379"}],"wp:attachment":[{"href":"https:\/\/www.trummerstoller.ch\/index.php\/wp-json\/wp\/v2\/media?parent=41"}],"curies":[{"name":"wp","href":"https:\/\/api.w.org\/{rel}","templated":true}]}}